{"id":72,"date":"2017-01-30T09:52:46","date_gmt":"2017-01-30T08:52:46","guid":{"rendered":"http:\/\/www.crsprotivin.cz\/?page_id=72"},"modified":"2017-04-04T08:48:24","modified_gmt":"2017-04-04T06:48:24","slug":"odkazy","status":"publish","type":"page","link":"https:\/\/www.crsprotivin.cz\/?page_id=72","title":{"rendered":"Odkazy"},"content":{"rendered":"<span itemprop=\"description\"><p><strong>\u010cRS<\/strong><\/p>\n<p><a href=\"http:\/\/www.rybsvaz.cz\/\" target=\"_blank\">http:\/\/www.rybsvaz.cz\/<\/a><\/p>\n<p><strong>J\u010d\u00daS \u010cRS Bor\u0161ov nad Vltavou<\/strong><\/p>\n<p><a href=\"http:\/\/www.crscb.cz\/\" target=\"_blank\">http:\/\/www.crscb.cz\/<\/a><\/p>\n<p><strong>M\u011bsto Protiv\u00edn<\/strong><\/p>\n<p><a href=\"http:\/\/www.muprotivin.cz\" target=\"_blank\">http:\/\/www.muprotivin.cz<\/a><\/p>\n<span>","protected":false},"excerpt":{"rendered":"<p class=\"excerpt\"><span itemprop=\"description\">\u010cRS http:\/\/www.rybsvaz.cz\/ J\u010d\u00daS \u010cRS Bor\u0161ov nad Vltavou http:\/\/www.crscb.cz\/ M\u011bsto Protiv\u00edn http:\/\/www.muprotivin.cz<\/span><\/p>\n<p class=\"more-link-p btn-align-left\"><a class=\"blue zoom-btn\" href=\"https:\/\/www.crsprotivin.cz\/?page_id=72\">Read More<\/a><\/p>\n","protected":false},"author":1,"featured_media":0,"parent":0,"menu_order":0,"comment_status":"closed","ping_status":"closed","template":"","meta":{"ngg_post_thumbnail":0,"footnotes":""},"class_list":["post-72","page","type-page","status-publish","hentry","zoom-theme-has-thumb"],"_links":{"self":[{"href":"https:\/\/www.crsprotivin.cz\/index.php?rest_route=\/wp\/v2\/pages\/72","targetHints":{"allow":["GET"]}}],"collection":[{"href":"https:\/\/www.crsprotivin.cz\/index.php?rest_route=\/wp\/v2\/pages"}],"about":[{"href":"https:\/\/www.crsprotivin.cz\/index.php?rest_route=\/wp\/v2\/types\/page"}],"author":[{"embeddable":true,"href":"https:\/\/www.crsprotivin.cz\/index.php?rest_route=\/wp\/v2\/users\/1"}],"replies":[{"embeddable":true,"href":"https:\/\/www.crsprotivin.cz\/index.php?rest_route=%2Fwp%2Fv2%2Fcomments&post=72"}],"version-history":[{"count":7,"href":"https:\/\/www.crsprotivin.cz\/index.php?rest_route=\/wp\/v2\/pages\/72\/revisions"}],"predecessor-version":[{"id":684,"href":"https:\/\/www.crsprotivin.cz\/index.php?rest_route=\/wp\/v2\/pages\/72\/revisions\/684"}],"wp:attachment":[{"href":"https:\/\/www.crsprotivin.cz\/index.php?rest_route=%2Fwp%2Fv2%2Fmedia&parent=72"}],"curies":[{"name":"wp","href":"https:\/\/api.w.org\/{rel}","templated":true}]}}