{"id":70,"date":"2017-01-30T09:52:46","date_gmt":"2017-01-30T08:52:46","guid":{"rendered":"http:\/\/www.crsprotivin.cz\/?page_id=70"},"modified":"2017-04-04T08:38:53","modified_gmt":"2017-04-04T06:38:53","slug":"mladez","status":"publish","type":"page","link":"https:\/\/www.crsprotivin.cz\/?page_id=70","title":{"rendered":"Ml\u00e1de\u017e"},"content":{"rendered":"<span itemprop=\"description\"><p>&nbsp;<\/p>\n<p>P\u0159i MO \u010cRS Protiv\u00edn prob\u00edh\u00e1 ryb\u00e1\u0159sk\u00fd krou\u017eek, pro bli\u017e\u0161\u00ed info kontaktujte hospod\u00e1\u0159e MO p. K\u0159i\u0161\u0165\u00e1la (tel. 776 667 590)<\/p>\n<span>","protected":false},"excerpt":{"rendered":"<p class=\"excerpt\"><span itemprop=\"description\">&nbsp; P\u0159i MO \u010cRS Protiv\u00edn prob\u00edh\u00e1 ryb\u00e1\u0159sk\u00fd krou\u017eek, pro bli\u017e\u0161\u00ed info kontaktujte hospod\u00e1\u0159e MO p. K\u0159i\u0161\u0165\u00e1la (tel. 776 667 590)<\/span><\/p>\n<p class=\"more-link-p btn-align-left\"><a class=\"blue zoom-btn\" href=\"https:\/\/www.crsprotivin.cz\/?page_id=70\">Read More<\/a><\/p>\n","protected":false},"author":1,"featured_media":0,"parent":0,"menu_order":0,"comment_status":"closed","ping_status":"closed","template":"","meta":{"ngg_post_thumbnail":0,"footnotes":""},"class_list":["post-70","page","type-page","status-publish","hentry","zoom-theme-has-thumb"],"_links":{"self":[{"href":"https:\/\/www.crsprotivin.cz\/index.php?rest_route=\/wp\/v2\/pages\/70","targetHints":{"allow":["GET"]}}],"collection":[{"href":"https:\/\/www.crsprotivin.cz\/index.php?rest_route=\/wp\/v2\/pages"}],"about":[{"href":"https:\/\/www.crsprotivin.cz\/index.php?rest_route=\/wp\/v2\/types\/page"}],"author":[{"embeddable":true,"href":"https:\/\/www.crsprotivin.cz\/index.php?rest_route=\/wp\/v2\/users\/1"}],"replies":[{"embeddable":true,"href":"https:\/\/www.crsprotivin.cz\/index.php?rest_route=%2Fwp%2Fv2%2Fcomments&post=70"}],"version-history":[{"count":6,"href":"https:\/\/www.crsprotivin.cz\/index.php?rest_route=\/wp\/v2\/pages\/70\/revisions"}],"predecessor-version":[{"id":681,"href":"https:\/\/www.crsprotivin.cz\/index.php?rest_route=\/wp\/v2\/pages\/70\/revisions\/681"}],"wp:attachment":[{"href":"https:\/\/www.crsprotivin.cz\/index.php?rest_route=%2Fwp%2Fv2%2Fmedia&parent=70"}],"curies":[{"name":"wp","href":"https:\/\/api.w.org\/{rel}","templated":true}]}}