{"id":67,"date":"2017-01-30T09:52:46","date_gmt":"2017-01-30T08:52:46","guid":{"rendered":"http:\/\/www.crsprotivin.cz\/?page_id=67"},"modified":"2017-08-16T10:51:59","modified_gmt":"2017-08-16T08:51:59","slug":"reviry","status":"publish","type":"page","link":"https:\/\/www.crsprotivin.cz\/?page_id=67","title":{"rendered":"Rev\u00edry"},"content":{"rendered":"<span itemprop=\"description\"><p>MO \u010cRS je pov\u011b\u0159en\u00e1 hospoda\u0159en\u00edm na mimopstruhov\u00e9m rev\u00edru \u010d. <strong>421 008 &#8211; BLANICE VOD\u0147ANSK\u00c1 2<\/strong><\/p>\n<p><strong>D\u00e9lka:<\/strong> 12,0 km<\/p>\n<p><strong>Rozloha:<\/strong> 24,50 ha<\/p>\n<p><a href=\"http:\/\/www.crsprotivin.cz\/wp-content\/uploads\/2017\/01\/Blanice.jpg\"><img loading=\"lazy\" decoding=\"async\" class=\"alignleft size-medium wp-image-1002\" src=\"http:\/\/www.crsprotivin.cz\/wp-content\/uploads\/2017\/01\/Blanice-300x225.jpg\" alt=\"\" width=\"300\" height=\"225\" srcset=\"https:\/\/www.crsprotivin.cz\/wp-content\/uploads\/2017\/01\/Blanice-300x225.jpg 300w, https:\/\/www.crsprotivin.cz\/wp-content\/uploads\/2017\/01\/Blanice.jpg 640w\" sizes=\"auto, (max-width: 300px) 100vw, 300px\" \/><\/a><\/p>\n<p><strong>Popis rev\u00edru:<\/strong><\/p>\n<p>GPS Z:<span class=\"Apple-converted-space\"><span style=\"font-family: Verdana;\">&nbsp;<\/span><\/span><a href=\"http:\/\/www.mapy.cz\/?query=Loc:%2049%C2%B014%278.774%22N,%2014%C2%B09%2712.998%22E\" target=\"_blank\" rel=\"noopener noreferrer\">49\u00b014&#8217;8.774&#8243;N, 14\u00b09&#8217;12.998&#8243;E<\/a>, K:<span class=\"Apple-converted-space\"><span style=\"font-family: Verdana;\">&nbsp;<\/span><\/span><a href=\"http:\/\/www.mapy.cz\/?query=Loc:%2049%C2%B010%2737.361%22N,%2014%C2%B013%277.872%22E\" target=\"_blank\" rel=\"noopener noreferrer\">49\u00b010&#8217;37.361&#8243;N, 14\u00b013&#8217;7.872&#8243;E<\/a><br \/>\nP\u0159\u00edtok Otavy. Od jezu Bene\u0161ovsk\u00e9ho ml\u00fdna u \u017eelezni\u010dn\u00edho mostu trati P\u00edsek-Protiv\u00edn (na hlavn\u00edm toku) a\u017e k jezu nad betonov\u00fdm mostem v Milenovic\u00edch, v\u010detn\u011b t\u016fn\u011b v Milenovic\u00edch, n\u00e1dr\u017ee a n\u00e1honu nad Bene\u0161ovsk\u00fdm ml\u00fdnem a n\u00e1honu od ml\u00fdna Pod Skalkou. K rev\u00edru pat\u0159\u00ed tak\u00e9 rameno \u0159eky pod obc\u00ed My\u0161enec (1,5 ha).<\/p>\n<p><a href=\"http:\/\/www.crsprotivin.cz\/?page_id=1159\">Fotky z rev\u00edru<\/a><\/p>\n<span>","protected":false},"excerpt":{"rendered":"<p class=\"excerpt\"><span itemprop=\"description\">MO \u010cRS je pov\u011b\u0159en\u00e1 hospoda\u0159en\u00edm na mimopstruhov\u00e9m rev\u00edru \u010d. 421 008 &#8211; BLANICE VOD\u0147ANSK\u00c1 2 D\u00e9lka: 12,0 km Rozloha: 24,50 ha Popis rev\u00edru: GPS Z:&nbsp;49\u00b014&#8217;8.774&#8243;N, 14\u00b09&#8217;12.998&#8243;E, K:&nbsp;49\u00b010&#8217;37.361&#8243;N, 14\u00b013&#8217;7.872&#8243;E P\u0159\u00edtok Otavy. Od jezu Bene\u0161ovsk\u00e9ho ml\u00fdna u \u017eelezni\u010dn\u00edho mostu trati P\u00edsek-Protiv\u00edn (na hlavn\u00edm toku) a\u017e k jezu&hellip;<\/span><\/p>\n<p class=\"more-link-p btn-align-left\"><a class=\"blue zoom-btn\" href=\"https:\/\/www.crsprotivin.cz\/?page_id=67\">Read More<\/a><\/p>\n","protected":false},"author":1,"featured_media":0,"parent":0,"menu_order":0,"comment_status":"closed","ping_status":"closed","template":"","meta":{"ngg_post_thumbnail":0,"footnotes":""},"class_list":["post-67","page","type-page","status-publish","hentry","zoom-theme-has-thumb"],"_links":{"self":[{"href":"https:\/\/www.crsprotivin.cz\/index.php?rest_route=\/wp\/v2\/pages\/67","targetHints":{"allow":["GET"]}}],"collection":[{"href":"https:\/\/www.crsprotivin.cz\/index.php?rest_route=\/wp\/v2\/pages"}],"about":[{"href":"https:\/\/www.crsprotivin.cz\/index.php?rest_route=\/wp\/v2\/types\/page"}],"author":[{"embeddable":true,"href":"https:\/\/www.crsprotivin.cz\/index.php?rest_route=\/wp\/v2\/users\/1"}],"replies":[{"embeddable":true,"href":"https:\/\/www.crsprotivin.cz\/index.php?rest_route=%2Fwp%2Fv2%2Fcomments&post=67"}],"version-history":[{"count":5,"href":"https:\/\/www.crsprotivin.cz\/index.php?rest_route=\/wp\/v2\/pages\/67\/revisions"}],"predecessor-version":[{"id":1185,"href":"https:\/\/www.crsprotivin.cz\/index.php?rest_route=\/wp\/v2\/pages\/67\/revisions\/1185"}],"wp:attachment":[{"href":"https:\/\/www.crsprotivin.cz\/index.php?rest_route=%2Fwp%2Fv2%2Fmedia&parent=67"}],"curies":[{"name":"wp","href":"https:\/\/api.w.org\/{rel}","templated":true}]}}