{"id":662,"date":"2017-04-03T08:53:31","date_gmt":"2017-04-03T06:53:31","guid":{"rendered":"http:\/\/www.crsprotivin.cz\/?page_id=662"},"modified":"2017-04-03T08:53:31","modified_gmt":"2017-04-03T06:53:31","slug":"vylov-maletice-prostredni-2-4-2017","status":"publish","type":"page","link":"https:\/\/www.crsprotivin.cz\/?page_id=662","title":{"rendered":"V\u00fdlov Maletice Prost\u0159edn\u00ed 2.4.2017"},"content":{"rendered":"<span itemprop=\"description\">ngg_shortcode_0_placeholder\n<span>","protected":false},"excerpt":{"rendered":"<p class=\"excerpt\"><span itemprop=\"description\">&#8220; order_by=&#8220;imagedate&#8220; order_direction=&#8220;DESC&#8220; returns=&#8220;included&#8220; maximum_entity_count=&#8220;500&#8243;]<\/span><\/p>\n<p class=\"more-link-p btn-align-left\"><a class=\"blue zoom-btn\" href=\"https:\/\/www.crsprotivin.cz\/?page_id=662\">Read More<\/a><\/p>\n","protected":false},"author":1,"featured_media":0,"parent":547,"menu_order":0,"comment_status":"closed","ping_status":"closed","template":"","meta":{"ngg_post_thumbnail":0,"footnotes":""},"class_list":["post-662","page","type-page","status-publish","hentry","zoom-theme-has-thumb"],"_links":{"self":[{"href":"https:\/\/www.crsprotivin.cz\/index.php?rest_route=\/wp\/v2\/pages\/662","targetHints":{"allow":["GET"]}}],"collection":[{"href":"https:\/\/www.crsprotivin.cz\/index.php?rest_route=\/wp\/v2\/pages"}],"about":[{"href":"https:\/\/www.crsprotivin.cz\/index.php?rest_route=\/wp\/v2\/types\/page"}],"author":[{"embeddable":true,"href":"https:\/\/www.crsprotivin.cz\/index.php?rest_route=\/wp\/v2\/users\/1"}],"replies":[{"embeddable":true,"href":"https:\/\/www.crsprotivin.cz\/index.php?rest_route=%2Fwp%2Fv2%2Fcomments&post=662"}],"version-history":[{"count":1,"href":"https:\/\/www.crsprotivin.cz\/index.php?rest_route=\/wp\/v2\/pages\/662\/revisions"}],"predecessor-version":[{"id":663,"href":"https:\/\/www.crsprotivin.cz\/index.php?rest_route=\/wp\/v2\/pages\/662\/revisions\/663"}],"up":[{"embeddable":true,"href":"https:\/\/www.crsprotivin.cz\/index.php?rest_route=\/wp\/v2\/pages\/547"}],"wp:attachment":[{"href":"https:\/\/www.crsprotivin.cz\/index.php?rest_route=%2Fwp%2Fv2%2Fmedia&parent=662"}],"curies":[{"name":"wp","href":"https:\/\/api.w.org\/{rel}","templated":true}]}}