{"id":559,"date":"2017-03-27T09:57:06","date_gmt":"2017-03-27T07:57:06","guid":{"rendered":"http:\/\/www.crsprotivin.cz\/?page_id=559"},"modified":"2017-03-27T09:57:17","modified_gmt":"2017-03-27T07:57:17","slug":"vysazovani-24-3-2017","status":"publish","type":"page","link":"https:\/\/www.crsprotivin.cz\/?page_id=559","title":{"rendered":"Vysazov\u00e1n\u00ed 24.3.2017"},"content":{"rendered":"<span itemprop=\"description\"><p><strong>Vysazeno:<\/strong><\/p>\n<ul>\n<li>Milenovice &#8211; pod h\u0159i\u0161t\u011bm<\/li>\n<li>Nad Velk\u00fdm splavem (Z\u00e1tah)<\/li>\n<li>Pod Sta\u0148k\u016f<\/li>\n<li>Ba\u017eantnice<\/li>\n<li>Pod ba\u0161tou (Rabyn\u011b)<\/li>\n<li>U Studen\u00fdch<\/li>\n<\/ul>\nngg_shortcode_0_placeholder\n<span>","protected":false},"excerpt":{"rendered":"<p class=\"excerpt\"><span itemprop=\"description\">Vysazeno: Milenovice &#8211; pod h\u0159i\u0161t\u011bm Nad Velk\u00fdm splavem (Z\u00e1tah) Pod Sta\u0148k\u016f Ba\u017eantnice Pod ba\u0161tou (Rabyn\u011b) U Studen\u00fdch &#8220; order_by=&#8220;sortorder&#8220; order_direction=&#8220;ASC&#8220; returns=&#8220;included&#8220; maximum_entity_count=&#8220;500&#8243;]<\/span><\/p>\n<p class=\"more-link-p btn-align-left\"><a class=\"blue zoom-btn\" href=\"https:\/\/www.crsprotivin.cz\/?page_id=559\">Read More<\/a><\/p>\n","protected":false},"author":1,"featured_media":0,"parent":547,"menu_order":0,"comment_status":"closed","ping_status":"closed","template":"","meta":{"ngg_post_thumbnail":0,"footnotes":""},"class_list":["post-559","page","type-page","status-publish","hentry","zoom-theme-has-thumb"],"_links":{"self":[{"href":"https:\/\/www.crsprotivin.cz\/index.php?rest_route=\/wp\/v2\/pages\/559","targetHints":{"allow":["GET"]}}],"collection":[{"href":"https:\/\/www.crsprotivin.cz\/index.php?rest_route=\/wp\/v2\/pages"}],"about":[{"href":"https:\/\/www.crsprotivin.cz\/index.php?rest_route=\/wp\/v2\/types\/page"}],"author":[{"embeddable":true,"href":"https:\/\/www.crsprotivin.cz\/index.php?rest_route=\/wp\/v2\/users\/1"}],"replies":[{"embeddable":true,"href":"https:\/\/www.crsprotivin.cz\/index.php?rest_route=%2Fwp%2Fv2%2Fcomments&post=559"}],"version-history":[{"count":1,"href":"https:\/\/www.crsprotivin.cz\/index.php?rest_route=\/wp\/v2\/pages\/559\/revisions"}],"predecessor-version":[{"id":560,"href":"https:\/\/www.crsprotivin.cz\/index.php?rest_route=\/wp\/v2\/pages\/559\/revisions\/560"}],"up":[{"embeddable":true,"href":"https:\/\/www.crsprotivin.cz\/index.php?rest_route=\/wp\/v2\/pages\/547"}],"wp:attachment":[{"href":"https:\/\/www.crsprotivin.cz\/index.php?rest_route=%2Fwp%2Fv2%2Fmedia&parent=559"}],"curies":[{"name":"wp","href":"https:\/\/api.w.org\/{rel}","templated":true}]}}