{"id":547,"date":"2017-03-27T09:47:12","date_gmt":"2017-03-27T07:47:12","guid":{"rendered":"http:\/\/www.crsprotivin.cz\/?page_id=547"},"modified":"2019-06-20T08:54:33","modified_gmt":"2019-06-20T06:54:33","slug":"2017-2","status":"publish","type":"page","link":"https:\/\/www.crsprotivin.cz\/?page_id=547","title":{"rendered":"2017"},"content":{"rendered":"<span itemprop=\"description\"><p><a href=\"http:\/\/www.crsprotivin.cz\/wp-content\/uploads\/2017\/03\/IMG-20171105-WA0013.jpg\"><img loading=\"lazy\" decoding=\"async\" class=\"alignleft size-thumbnail wp-image-1406\" src=\"http:\/\/www.crsprotivin.cz\/wp-content\/uploads\/2017\/03\/IMG-20171105-WA0013-150x150.jpg\" alt=\"\" width=\"150\" height=\"150\"><\/a><a href=\"http:\/\/www.crsprotivin.cz\/?page_id=1403\" target=\"_blank\" rel=\"noopener noreferrer\">V\u00fdlov Prost\u0159edn\u00ed 4.11.2017<\/a><\/p>\n<p>&nbsp;<\/p>\n<p>&nbsp;<\/p>\n<p>&nbsp;<\/p>\n<p><a href=\"http:\/\/www.crsprotivin.cz\/wp-content\/uploads\/2017\/03\/IMG-20171014-WA0009.jpg\"><img loading=\"lazy\" decoding=\"async\" class=\"alignleft size-thumbnail wp-image-1348\" src=\"http:\/\/www.crsprotivin.cz\/wp-content\/uploads\/2017\/03\/IMG-20171014-WA0009-150x150.jpg\" alt=\"\" width=\"150\" height=\"150\"><\/a><a href=\"http:\/\/www.crsprotivin.cz\/?page_id=1346\" target=\"_blank\" rel=\"noopener noreferrer\">V\u00fdlov Spodn\u00ed 14.10.2017<\/a><\/p>\n<p>&nbsp;<\/p>\n<p>&nbsp;<\/p>\n<p>&nbsp;<\/p>\n<p><a href=\"http:\/\/www.crsprotivin.cz\/wp-content\/uploads\/2017\/03\/20171007_074441.jpg\"><img loading=\"lazy\" decoding=\"async\" class=\"alignleft size-thumbnail wp-image-1301\" src=\"http:\/\/www.crsprotivin.cz\/wp-content\/uploads\/2017\/03\/20171007_074441-150x150.jpg\" alt=\"\" width=\"150\" height=\"150\"><\/a><a href=\"http:\/\/www.crsprotivin.cz\/?page_id=1297\" target=\"_blank\" rel=\"noopener noreferrer\">V\u00fdlov Kope\u0165\u00e1k 7.10.2017<\/a><\/p>\n<p>&nbsp;<\/p>\n<p>&nbsp;<\/p>\n<p>&nbsp;<\/p>\n<p><a href=\"http:\/\/www.crsprotivin.cz\/wp-content\/uploads\/2017\/03\/IMG-20170524-WA0001.jpg\"><img loading=\"lazy\" decoding=\"async\" class=\"alignleft size-thumbnail wp-image-1065\" src=\"http:\/\/www.crsprotivin.cz\/wp-content\/uploads\/2017\/03\/IMG-20170524-WA0001-150x150.jpg\" alt=\"\" width=\"150\" height=\"150\"><\/a><a href=\"http:\/\/www.crsprotivin.cz\/?page_id=1040\" target=\"_blank\" rel=\"noopener noreferrer\">Ryb\u00e1\u0159sk\u00e9 z\u00e1vody pro d\u011bti a dosp\u011bl\u00e9 20.5.2017<\/a><\/p>\n<p>&nbsp;<\/p>\n<p>&nbsp;<\/p>\n<p>&nbsp;<\/p>\n<p><a href=\"http:\/\/www.crsprotivin.cz\/wp-content\/uploads\/2017\/03\/IMG-20170513-WA0013.jpg\"><img loading=\"lazy\" decoding=\"async\" class=\"alignleft wp-image-921 size-thumbnail\" src=\"http:\/\/www.crsprotivin.cz\/wp-content\/uploads\/2017\/03\/IMG-20170513-WA0013-150x150.jpg\" alt=\"\" width=\"150\" height=\"150\" srcset=\"https:\/\/www.crsprotivin.cz\/wp-content\/uploads\/2017\/03\/IMG-20170513-WA0013-150x150.jpg 150w, https:\/\/www.crsprotivin.cz\/wp-content\/uploads\/2017\/03\/IMG-20170513-WA0013-100x100.jpg 100w\" sizes=\"auto, (max-width: 150px) 100vw, 150px\" \/><\/a><\/p>\n<p><a href=\"http:\/\/www.crsprotivin.cz\/?page_id=919\" target=\"_blank\" rel=\"noopener noreferrer\">V\u00fdlov Les\u00edk 13.5.2017<\/a><\/p>\n<p>&nbsp;<\/p>\n<p>&nbsp;<\/p>\n<p>&nbsp;<\/p>\n<p><a href=\"http:\/\/www.crsprotivin.cz\/wp-content\/uploads\/2017\/03\/IMG-20170506-WA0000.jpg\"><img loading=\"lazy\" decoding=\"async\" class=\"alignleft size-thumbnail wp-image-753\" src=\"http:\/\/www.crsprotivin.cz\/wp-content\/uploads\/2017\/03\/IMG-20170506-WA0000-150x150.jpg\" alt=\"\" width=\"150\" height=\"150\" srcset=\"https:\/\/www.crsprotivin.cz\/wp-content\/uploads\/2017\/03\/IMG-20170506-WA0000-150x150.jpg 150w, https:\/\/www.crsprotivin.cz\/wp-content\/uploads\/2017\/03\/IMG-20170506-WA0000-100x100.jpg 100w\" sizes=\"auto, (max-width: 150px) 100vw, 150px\" \/><\/a><a href=\"http:\/\/www.crsprotivin.cz\/?page_id=750\">Hospoda\u0159en\u00ed na rybn\u00edc\u00edch<\/a><\/p>\n<p>&nbsp;<\/p>\n<p>&nbsp;<\/p>\n<p>&nbsp;<\/p>\n<p><a href=\"http:\/\/www.crsprotivin.cz\/wp-content\/uploads\/2017\/03\/IMG-20170425-WA0002.jpg\"><img loading=\"lazy\" decoding=\"async\" class=\"alignleft size-thumbnail wp-image-732\" src=\"http:\/\/www.crsprotivin.cz\/wp-content\/uploads\/2017\/03\/IMG-20170425-WA0002-150x150.jpg\" alt=\"\" width=\"150\" height=\"150\" srcset=\"https:\/\/www.crsprotivin.cz\/wp-content\/uploads\/2017\/03\/IMG-20170425-WA0002-150x150.jpg 150w, https:\/\/www.crsprotivin.cz\/wp-content\/uploads\/2017\/03\/IMG-20170425-WA0002-100x100.jpg 100w\" sizes=\"auto, (max-width: 150px) 100vw, 150px\" \/><\/a><\/p>\n<p><a href=\"http:\/\/www.crsprotivin.cz\/?page_id=730\">Vysazov\u00e1n\u00ed do rev\u00edru (ostroretka, 25.4.2017)<\/a><\/p>\n<p>&nbsp;<\/p>\n<p>&nbsp;<\/p>\n<p>&nbsp;<\/p>\n<p><a href=\"http:\/\/www.crsprotivin.cz\/wp-content\/uploads\/2017\/03\/IMG-20170408-WA0005.jpg\"><img loading=\"lazy\" decoding=\"async\" class=\"alignleft size-thumbnail wp-image-708\" src=\"http:\/\/www.crsprotivin.cz\/wp-content\/uploads\/2017\/03\/IMG-20170408-WA0005-150x150.jpg\" alt=\"\" width=\"150\" height=\"150\" srcset=\"https:\/\/www.crsprotivin.cz\/wp-content\/uploads\/2017\/03\/IMG-20170408-WA0005-150x150.jpg 150w, https:\/\/www.crsprotivin.cz\/wp-content\/uploads\/2017\/03\/IMG-20170408-WA0005-100x100.jpg 100w\" sizes=\"auto, (max-width: 150px) 100vw, 150px\" \/><\/a><a href=\"http:\/\/www.crsprotivin.cz\/?page_id=706\">Vysazov\u00e1n\u00ed do rev\u00edru (tlou\u0161\u0165, 8.4.2017)<\/a><\/p>\n<p>&nbsp;<\/p>\n<p>&nbsp;<\/p>\n<p>&nbsp;<\/p>\n<p><a href=\"http:\/\/www.crsprotivin.cz\/wp-content\/uploads\/2017\/03\/IMG-20170402-WA0001.jpg\"><img loading=\"lazy\" decoding=\"async\" class=\"alignleft size-thumbnail wp-image-665\" src=\"http:\/\/www.crsprotivin.cz\/wp-content\/uploads\/2017\/03\/IMG-20170402-WA0001-150x150.jpg\" alt=\"\" width=\"150\" height=\"150\" srcset=\"https:\/\/www.crsprotivin.cz\/wp-content\/uploads\/2017\/03\/IMG-20170402-WA0001-150x150.jpg 150w, https:\/\/www.crsprotivin.cz\/wp-content\/uploads\/2017\/03\/IMG-20170402-WA0001-100x100.jpg 100w\" sizes=\"auto, (max-width: 150px) 100vw, 150px\" \/><\/a><\/p>\n<p><a href=\"http:\/\/www.crsprotivin.cz\/?page_id=662\">V\u00fdlov Maletice Prost\u0159edn\u00ed 2.4.2017<\/a><\/p>\n<p>&nbsp;<\/p>\n<p>&nbsp;<\/p>\n<p>&nbsp;<\/p>\n<p><a href=\"http:\/\/www.crsprotivin.cz\/wp-content\/uploads\/2017\/03\/IMG-20170325-WA0012.jpg\"><img loading=\"lazy\" decoding=\"async\" class=\"alignleft size-thumbnail wp-image-586\" src=\"http:\/\/www.crsprotivin.cz\/wp-content\/uploads\/2017\/03\/IMG-20170325-WA0012-150x150.jpg\" alt=\"\" width=\"150\" height=\"150\" srcset=\"https:\/\/www.crsprotivin.cz\/wp-content\/uploads\/2017\/03\/IMG-20170325-WA0012-150x150.jpg 150w, https:\/\/www.crsprotivin.cz\/wp-content\/uploads\/2017\/03\/IMG-20170325-WA0012-100x100.jpg 100w\" sizes=\"auto, (max-width: 150px) 100vw, 150px\" \/><\/a><a href=\"http:\/\/www.crsprotivin.cz\/?page_id=556\">V\u00fdlov Kope\u0165\u00e1k 25.3.2017<\/a><\/p>\n<p>&nbsp;<\/p>\n<p>&nbsp;<\/p>\n<p>&nbsp;<\/p>\n<p><a href=\"http:\/\/www.crsprotivin.cz\/wp-content\/uploads\/2017\/03\/IMG-20170324-WA0004.jpg\"><img loading=\"lazy\" decoding=\"async\" class=\"alignleft size-thumbnail wp-image-585\" src=\"http:\/\/www.crsprotivin.cz\/wp-content\/uploads\/2017\/03\/IMG-20170324-WA0004-150x150.jpg\" alt=\"\" width=\"150\" height=\"150\" srcset=\"https:\/\/www.crsprotivin.cz\/wp-content\/uploads\/2017\/03\/IMG-20170324-WA0004-150x150.jpg 150w, https:\/\/www.crsprotivin.cz\/wp-content\/uploads\/2017\/03\/IMG-20170324-WA0004-100x100.jpg 100w\" sizes=\"auto, (max-width: 150px) 100vw, 150px\" \/><\/a><a href=\"http:\/\/www.crsprotivin.cz\/?page_id=559\">Vysazov\u00e1n\u00ed 24.3.2017<\/a><\/p>\n<p>&nbsp;<\/p>\n<p>&nbsp;<\/p>\n<p>&nbsp;<\/p>\n<p><a href=\"http:\/\/www.crsprotivin.cz\/wp-content\/uploads\/2017\/03\/IMG-20170325-WA0005-1.jpg\"><img loading=\"lazy\" decoding=\"async\" class=\"alignleft size-thumbnail wp-image-587\" src=\"http:\/\/www.crsprotivin.cz\/wp-content\/uploads\/2017\/03\/IMG-20170325-WA0005-1-150x150.jpg\" alt=\"\" width=\"150\" height=\"150\" srcset=\"https:\/\/www.crsprotivin.cz\/wp-content\/uploads\/2017\/03\/IMG-20170325-WA0005-1-150x150.jpg 150w, https:\/\/www.crsprotivin.cz\/wp-content\/uploads\/2017\/03\/IMG-20170325-WA0005-1-100x100.jpg 100w\" sizes=\"auto, (max-width: 150px) 100vw, 150px\" \/><\/a><a href=\"http:\/\/www.crsprotivin.cz\/?page_id=552\">Brig\u00e1da Maletice<\/a><\/p>\n<p>&nbsp;<\/p>\n<p>&nbsp;<\/p>\n<p>&nbsp;<\/p>\n<blockquote class=\"wp-embedded-content\" data-secret=\"oj3diCfWzn\"><p><a href=\"http:\/\/www.crsprotivin.cz\/?page_id=2259\">D\u011btsk\u00e9 ryb\u00e1\u0159sk\u00e9 z\u00e1vody 21.8.2017<\/a><\/p><\/blockquote>\n<p><iframe loading=\"lazy\" title=\"&#8222;D\u011btsk\u00e9 ryb\u00e1\u0159sk\u00e9 z\u00e1vody 21.8.2017&#8220; &#8212; MO \u010cRS Protiv\u00edn\" class=\"wp-embedded-content\" sandbox=\"allow-scripts\" security=\"restricted\" style=\"position: absolute; clip: rect(1px, 1px, 1px, 1px);\" src=\"http:\/\/www.crsprotivin.cz\/?page_id=2259&#038;embed=true#?secret=oj3diCfWzn\" data-secret=\"oj3diCfWzn\" width=\"600\" height=\"338\" frameborder=\"0\" marginwidth=\"0\" marginheight=\"0\" scrolling=\"no\"><\/iframe><\/p>\n<span>","protected":false},"excerpt":{"rendered":"<p class=\"excerpt\"><span itemprop=\"description\">V\u00fdlov Prost\u0159edn\u00ed 4.11.2017 &nbsp; &nbsp; &nbsp; V\u00fdlov Spodn\u00ed 14.10.2017 &nbsp; &nbsp; &nbsp; V\u00fdlov Kope\u0165\u00e1k 7.10.2017 &nbsp; &nbsp; &nbsp; Ryb\u00e1\u0159sk\u00e9 z\u00e1vody pro d\u011bti a dosp\u011bl\u00e9 20.5.2017 &nbsp; &nbsp; &nbsp; V\u00fdlov Les\u00edk 13.5.2017 &nbsp; &nbsp; &nbsp; Hospoda\u0159en\u00ed na rybn\u00edc\u00edch &nbsp; &nbsp; &nbsp; Vysazov\u00e1n\u00ed do rev\u00edru (ostroretka, 25.4.2017)&hellip;<\/span><\/p>\n<p class=\"more-link-p btn-align-left\"><a class=\"blue zoom-btn\" href=\"https:\/\/www.crsprotivin.cz\/?page_id=547\">Read More<\/a><\/p>\n","protected":false},"author":1,"featured_media":0,"parent":65,"menu_order":0,"comment_status":"closed","ping_status":"closed","template":"","meta":{"ngg_post_thumbnail":0,"footnotes":""},"class_list":["post-547","page","type-page","status-publish","hentry","zoom-theme-has-thumb"],"_links":{"self":[{"href":"https:\/\/www.crsprotivin.cz\/index.php?rest_route=\/wp\/v2\/pages\/547","targetHints":{"allow":["GET"]}}],"collection":[{"href":"https:\/\/www.crsprotivin.cz\/index.php?rest_route=\/wp\/v2\/pages"}],"about":[{"href":"https:\/\/www.crsprotivin.cz\/index.php?rest_route=\/wp\/v2\/types\/page"}],"author":[{"embeddable":true,"href":"https:\/\/www.crsprotivin.cz\/index.php?rest_route=\/wp\/v2\/users\/1"}],"replies":[{"embeddable":true,"href":"https:\/\/www.crsprotivin.cz\/index.php?rest_route=%2Fwp%2Fv2%2Fcomments&post=547"}],"version-history":[{"count":20,"href":"https:\/\/www.crsprotivin.cz\/index.php?rest_route=\/wp\/v2\/pages\/547\/revisions"}],"predecessor-version":[{"id":2296,"href":"https:\/\/www.crsprotivin.cz\/index.php?rest_route=\/wp\/v2\/pages\/547\/revisions\/2296"}],"up":[{"embeddable":true,"href":"https:\/\/www.crsprotivin.cz\/index.php?rest_route=\/wp\/v2\/pages\/65"}],"wp:attachment":[{"href":"https:\/\/www.crsprotivin.cz\/index.php?rest_route=%2Fwp%2Fv2%2Fmedia&parent=547"}],"curies":[{"name":"wp","href":"https:\/\/api.w.org\/{rel}","templated":true}]}}