{"id":327,"date":"2017-03-03T11:02:27","date_gmt":"2017-03-03T10:02:27","guid":{"rendered":"http:\/\/www.crsprotivin.cz\/?page_id=327"},"modified":"2017-03-03T11:02:39","modified_gmt":"2017-03-03T10:02:39","slug":"odbahneni-horni-rybnik-maletice-2014","status":"publish","type":"page","link":"https:\/\/www.crsprotivin.cz\/?page_id=327","title":{"rendered":"Odbahn\u011bn\u00ed Horn\u00ed rybn\u00edk Maletice 2014"},"content":{"rendered":"<span itemprop=\"description\">ngg_shortcode_0_placeholder\n<span>","protected":false},"excerpt":{"rendered":"<p class=\"excerpt\"><span itemprop=\"description\"><\/span><\/p>\n<p class=\"more-link-p btn-align-left\"><a class=\"blue zoom-btn\" href=\"https:\/\/www.crsprotivin.cz\/?page_id=327\">Read More<\/a><\/p>\n","protected":false},"author":1,"featured_media":0,"parent":128,"menu_order":0,"comment_status":"closed","ping_status":"closed","template":"","meta":{"ngg_post_thumbnail":0,"footnotes":""},"class_list":["post-327","page","type-page","status-publish","hentry","zoom-theme-has-thumb"],"_links":{"self":[{"href":"https:\/\/www.crsprotivin.cz\/index.php?rest_route=\/wp\/v2\/pages\/327","targetHints":{"allow":["GET"]}}],"collection":[{"href":"https:\/\/www.crsprotivin.cz\/index.php?rest_route=\/wp\/v2\/pages"}],"about":[{"href":"https:\/\/www.crsprotivin.cz\/index.php?rest_route=\/wp\/v2\/types\/page"}],"author":[{"embeddable":true,"href":"https:\/\/www.crsprotivin.cz\/index.php?rest_route=\/wp\/v2\/users\/1"}],"replies":[{"embeddable":true,"href":"https:\/\/www.crsprotivin.cz\/index.php?rest_route=%2Fwp%2Fv2%2Fcomments&post=327"}],"version-history":[{"count":1,"href":"https:\/\/www.crsprotivin.cz\/index.php?rest_route=\/wp\/v2\/pages\/327\/revisions"}],"predecessor-version":[{"id":328,"href":"https:\/\/www.crsprotivin.cz\/index.php?rest_route=\/wp\/v2\/pages\/327\/revisions\/328"}],"up":[{"embeddable":true,"href":"https:\/\/www.crsprotivin.cz\/index.php?rest_route=\/wp\/v2\/pages\/128"}],"wp:attachment":[{"href":"https:\/\/www.crsprotivin.cz\/index.php?rest_route=%2Fwp%2Fv2%2Fmedia&parent=327"}],"curies":[{"name":"wp","href":"https:\/\/api.w.org\/{rel}","templated":true}]}}