{"id":2609,"date":"2020-10-19T08:44:35","date_gmt":"2020-10-19T06:44:35","guid":{"rendered":"http:\/\/www.crsprotivin.cz\/?page_id=2609"},"modified":"2020-10-20T09:36:57","modified_gmt":"2020-10-20T07:36:57","slug":"vylov-zloun-17-10-2020","status":"publish","type":"page","link":"https:\/\/www.crsprotivin.cz\/?page_id=2609","title":{"rendered":"V\u00fdlov Zlou\u0148 17.10.2020"},"content":{"rendered":"<span itemprop=\"description\">\n<p><strong>Vyloveno celkem 2810 kg kapra, z toho do rev\u00edru vysazeno 1145 kg, zbyl\u00fdch 1665 p\u0159evezeno do rybn\u00edku Prost\u0159edn\u00ed v Maletic\u00edch. D\u00e1le vyloveno: amur 27 ks\/189 kg, \u0161tika 7 ks\/5,6 kg, tolstolobik 11 ks\/143 kg.<\/strong><\/p>\n\n\n\nngg_shortcode_0_placeholder\n\n\n\n<figure class=\"wp-block-video\"><video height=\"352\" style=\"aspect-ratio: 640 \/ 352;\" width=\"640\" controls src=\"https:\/\/www.crsprotivin.cz\/wp-content\/uploads\/2020\/10\/VID-20201018-WA0003.mp4\"><\/video><\/figure>\n\n\n\n<figure class=\"wp-block-video\"><video height=\"1080\" style=\"aspect-ratio: 1920 \/ 1080;\" width=\"1920\" controls src=\"https:\/\/www.crsprotivin.cz\/wp-content\/uploads\/2020\/10\/VID-20201018-WA0006.mp4\"><\/video><\/figure>\n<span>","protected":false},"excerpt":{"rendered":"<p class=\"excerpt\"><span itemprop=\"description\">Vyloveno celkem 2810 kg kapra, z toho do rev\u00edru vysazeno 1145 kg, zbyl\u00fdch 1665 p\u0159evezeno do rybn\u00edku Prost\u0159edn\u00ed v Maletic\u00edch. D\u00e1le vyloveno: amur 27 ks\/189 kg, \u0161tika 7 ks\/5,6 kg, tolstolobik 11 ks\/143 kg.<\/span><\/p>\n<p class=\"more-link-p btn-align-left\"><a class=\"blue zoom-btn\" href=\"https:\/\/www.crsprotivin.cz\/?page_id=2609\">Read More<\/a><\/p>\n","protected":false},"author":1,"featured_media":0,"parent":2383,"menu_order":0,"comment_status":"closed","ping_status":"closed","template":"","meta":{"ngg_post_thumbnail":0,"footnotes":""},"class_list":["post-2609","page","type-page","status-publish","hentry","zoom-theme-has-thumb"],"_links":{"self":[{"href":"https:\/\/www.crsprotivin.cz\/index.php?rest_route=\/wp\/v2\/pages\/2609","targetHints":{"allow":["GET"]}}],"collection":[{"href":"https:\/\/www.crsprotivin.cz\/index.php?rest_route=\/wp\/v2\/pages"}],"about":[{"href":"https:\/\/www.crsprotivin.cz\/index.php?rest_route=\/wp\/v2\/types\/page"}],"author":[{"embeddable":true,"href":"https:\/\/www.crsprotivin.cz\/index.php?rest_route=\/wp\/v2\/users\/1"}],"replies":[{"embeddable":true,"href":"https:\/\/www.crsprotivin.cz\/index.php?rest_route=%2Fwp%2Fv2%2Fcomments&post=2609"}],"version-history":[{"count":3,"href":"https:\/\/www.crsprotivin.cz\/index.php?rest_route=\/wp\/v2\/pages\/2609\/revisions"}],"predecessor-version":[{"id":2622,"href":"https:\/\/www.crsprotivin.cz\/index.php?rest_route=\/wp\/v2\/pages\/2609\/revisions\/2622"}],"up":[{"embeddable":true,"href":"https:\/\/www.crsprotivin.cz\/index.php?rest_route=\/wp\/v2\/pages\/2383"}],"wp:attachment":[{"href":"https:\/\/www.crsprotivin.cz\/index.php?rest_route=%2Fwp%2Fv2%2Fmedia&parent=2609"}],"curies":[{"name":"wp","href":"https:\/\/api.w.org\/{rel}","templated":true}]}}