{"id":2129,"date":"2019-03-20T08:46:03","date_gmt":"2019-03-20T07:46:03","guid":{"rendered":"http:\/\/www.crsprotivin.cz\/?page_id=2129"},"modified":"2020-10-08T13:12:48","modified_gmt":"2020-10-08T11:12:48","slug":"2019-2","status":"publish","type":"page","link":"https:\/\/www.crsprotivin.cz\/?page_id=2129","title":{"rendered":"2019"},"content":{"rendered":"<span itemprop=\"description\">\n<p><a href=\"https:\/\/www.crsprotivin.cz\/?page_id=2245\" data-type=\"page\" data-id=\"2245\"><strong>Ryb\u00e1\u0159sk\u00e9 z\u00e1vody My\u0161enec 2019<\/strong><\/a><\/p>\n\n\n\n<figure class=\"wp-block-image size-medium\"><img loading=\"lazy\" decoding=\"async\" width=\"300\" height=\"225\" src=\"https:\/\/www.crsprotivin.cz\/wp-content\/uploads\/2020\/10\/UHUO4168-300x225.jpg\" alt=\"\" class=\"wp-image-2515\" srcset=\"https:\/\/www.crsprotivin.cz\/wp-content\/uploads\/2020\/10\/UHUO4168-300x225.jpg 300w, https:\/\/www.crsprotivin.cz\/wp-content\/uploads\/2020\/10\/UHUO4168-768x576.jpg 768w, https:\/\/www.crsprotivin.cz\/wp-content\/uploads\/2020\/10\/UHUO4168.jpg 1000w\" sizes=\"auto, (max-width: 300px) 100vw, 300px\" \/><\/figure>\n\n\n\n<p><a href=\"https:\/\/www.crsprotivin.cz\/?page_id=2214\" data-type=\"page\" data-id=\"2214\"><strong>V\u00fdlov Kope\u0165\u00e1k 6.4.2019<\/strong><\/a><\/p>\n\n\n\n<figure class=\"wp-block-image size-medium\"><img loading=\"lazy\" decoding=\"async\" width=\"300\" height=\"225\" src=\"https:\/\/www.crsprotivin.cz\/wp-content\/uploads\/2020\/10\/IMG-20190407-WA0001-300x225.jpg\" alt=\"\" class=\"wp-image-2521\" srcset=\"https:\/\/www.crsprotivin.cz\/wp-content\/uploads\/2020\/10\/IMG-20190407-WA0001-300x225.jpg 300w, https:\/\/www.crsprotivin.cz\/wp-content\/uploads\/2020\/10\/IMG-20190407-WA0001-1024x768.jpg 1024w, https:\/\/www.crsprotivin.cz\/wp-content\/uploads\/2020\/10\/IMG-20190407-WA0001-768x576.jpg 768w, https:\/\/www.crsprotivin.cz\/wp-content\/uploads\/2020\/10\/IMG-20190407-WA0001-1536x1152.jpg 1536w, https:\/\/www.crsprotivin.cz\/wp-content\/uploads\/2020\/10\/IMG-20190407-WA0001-1200x900.jpg 1200w, https:\/\/www.crsprotivin.cz\/wp-content\/uploads\/2020\/10\/IMG-20190407-WA0001.jpg 1600w\" sizes=\"auto, (max-width: 300px) 100vw, 300px\" \/><\/figure>\n\n\n\n<p><a href=\"https:\/\/www.crsprotivin.cz\/?page_id=2185\" data-type=\"page\" data-id=\"2185\"><strong>V\u00fdlov Prost\u0159edn\u00ed 30.3.2019<\/strong><\/a><\/p>\n\n\n\n<figure class=\"wp-block-image size-medium\"><img loading=\"lazy\" decoding=\"async\" width=\"300\" height=\"225\" src=\"https:\/\/www.crsprotivin.cz\/wp-content\/uploads\/2020\/10\/IMG-20190404-WA0006-300x225.jpg\" alt=\"\" class=\"wp-image-2522\" srcset=\"https:\/\/www.crsprotivin.cz\/wp-content\/uploads\/2020\/10\/IMG-20190404-WA0006-300x225.jpg 300w, https:\/\/www.crsprotivin.cz\/wp-content\/uploads\/2020\/10\/IMG-20190404-WA0006-1024x768.jpg 1024w, https:\/\/www.crsprotivin.cz\/wp-content\/uploads\/2020\/10\/IMG-20190404-WA0006-768x576.jpg 768w, https:\/\/www.crsprotivin.cz\/wp-content\/uploads\/2020\/10\/IMG-20190404-WA0006-1536x1153.jpg 1536w, https:\/\/www.crsprotivin.cz\/wp-content\/uploads\/2020\/10\/IMG-20190404-WA0006-1200x901.jpg 1200w, https:\/\/www.crsprotivin.cz\/wp-content\/uploads\/2020\/10\/IMG-20190404-WA0006.jpg 1599w\" sizes=\"auto, (max-width: 300px) 100vw, 300px\" \/><\/figure>\n\n\n\n<p><a href=\"https:\/\/www.crsprotivin.cz\/?page_id=2355\" data-type=\"page\" data-id=\"2355\"><strong>V\u00fdlov Spodn\u00ed 5.10.2019<\/strong><\/a><\/p>\n\n\n\n<figure class=\"wp-block-image size-medium\"><img loading=\"lazy\" decoding=\"async\" width=\"300\" height=\"225\" src=\"https:\/\/www.crsprotivin.cz\/wp-content\/uploads\/2020\/10\/IMG-20191005-WA0004-300x225.jpg\" alt=\"\" class=\"wp-image-2523\" srcset=\"https:\/\/www.crsprotivin.cz\/wp-content\/uploads\/2020\/10\/IMG-20191005-WA0004-300x225.jpg 300w, https:\/\/www.crsprotivin.cz\/wp-content\/uploads\/2020\/10\/IMG-20191005-WA0004-1024x768.jpg 1024w, https:\/\/www.crsprotivin.cz\/wp-content\/uploads\/2020\/10\/IMG-20191005-WA0004-768x576.jpg 768w, https:\/\/www.crsprotivin.cz\/wp-content\/uploads\/2020\/10\/IMG-20191005-WA0004-1536x1152.jpg 1536w, https:\/\/www.crsprotivin.cz\/wp-content\/uploads\/2020\/10\/IMG-20191005-WA0004-1200x900.jpg 1200w, https:\/\/www.crsprotivin.cz\/wp-content\/uploads\/2020\/10\/IMG-20191005-WA0004.jpg 1600w\" sizes=\"auto, (max-width: 300px) 100vw, 300px\" \/><\/figure>\n\n\n\n<p><a href=\"https:\/\/www.crsprotivin.cz\/?page_id=2191\" data-type=\"page\" data-id=\"2191\"><strong>Vysazen\u00ed ostroretky 19.3.2019<\/strong><\/a><\/p>\n\n\n\n<figure class=\"wp-block-image size-medium\"><img loading=\"lazy\" decoding=\"async\" width=\"300\" height=\"225\" src=\"https:\/\/www.crsprotivin.cz\/wp-content\/uploads\/2020\/10\/IMG-20190319-WA0003-300x225.jpg\" alt=\"\" class=\"wp-image-2524\" srcset=\"https:\/\/www.crsprotivin.cz\/wp-content\/uploads\/2020\/10\/IMG-20190319-WA0003-300x225.jpg 300w, https:\/\/www.crsprotivin.cz\/wp-content\/uploads\/2020\/10\/IMG-20190319-WA0003-1024x768.jpg 1024w, https:\/\/www.crsprotivin.cz\/wp-content\/uploads\/2020\/10\/IMG-20190319-WA0003-768x576.jpg 768w, https:\/\/www.crsprotivin.cz\/wp-content\/uploads\/2020\/10\/IMG-20190319-WA0003-1536x1152.jpg 1536w, https:\/\/www.crsprotivin.cz\/wp-content\/uploads\/2020\/10\/IMG-20190319-WA0003-1200x900.jpg 1200w, https:\/\/www.crsprotivin.cz\/wp-content\/uploads\/2020\/10\/IMG-20190319-WA0003.jpg 1600w\" sizes=\"auto, (max-width: 300px) 100vw, 300px\" \/><\/figure>\n\n\n\n<p><a href=\"https:\/\/www.crsprotivin.cz\/?page_id=2300\" data-type=\"page\" data-id=\"2300\"><strong>Vysazen\u00ed podoustev 25.9.2019<\/strong><\/a><\/p>\n\n\n\n<figure class=\"wp-block-image size-medium\"><img loading=\"lazy\" decoding=\"async\" width=\"225\" height=\"300\" src=\"https:\/\/www.crsprotivin.cz\/wp-content\/uploads\/2020\/10\/IMG-20190925-WA0003-225x300.jpg\" alt=\"\" class=\"wp-image-2525\" srcset=\"https:\/\/www.crsprotivin.cz\/wp-content\/uploads\/2020\/10\/IMG-20190925-WA0003-225x300.jpg 225w, https:\/\/www.crsprotivin.cz\/wp-content\/uploads\/2020\/10\/IMG-20190925-WA0003-768x1024.jpg 768w, https:\/\/www.crsprotivin.cz\/wp-content\/uploads\/2020\/10\/IMG-20190925-WA0003-1152x1536.jpg 1152w, https:\/\/www.crsprotivin.cz\/wp-content\/uploads\/2020\/10\/IMG-20190925-WA0003.jpg 1200w\" sizes=\"auto, (max-width: 225px) 100vw, 225px\" \/><\/figure>\n\n\n\n<p><a href=\"https:\/\/www.crsprotivin.cz\/?page_id=2359\" data-type=\"page\" data-id=\"2359\"><strong>Vysazen\u00ed pstruh duhov\u00fd 16.10.2019<\/strong><\/a><\/p>\n\n\n\n<figure class=\"wp-block-image size-medium\"><img loading=\"lazy\" decoding=\"async\" width=\"300\" height=\"225\" src=\"https:\/\/www.crsprotivin.cz\/wp-content\/uploads\/2020\/10\/IMG-20191016-WA0004-300x225.jpg\" alt=\"\" class=\"wp-image-2526\" srcset=\"https:\/\/www.crsprotivin.cz\/wp-content\/uploads\/2020\/10\/IMG-20191016-WA0004-300x225.jpg 300w, https:\/\/www.crsprotivin.cz\/wp-content\/uploads\/2020\/10\/IMG-20191016-WA0004-1024x768.jpg 1024w, https:\/\/www.crsprotivin.cz\/wp-content\/uploads\/2020\/10\/IMG-20191016-WA0004-768x576.jpg 768w, https:\/\/www.crsprotivin.cz\/wp-content\/uploads\/2020\/10\/IMG-20191016-WA0004-1536x1152.jpg 1536w, https:\/\/www.crsprotivin.cz\/wp-content\/uploads\/2020\/10\/IMG-20191016-WA0004-1200x900.jpg 1200w, https:\/\/www.crsprotivin.cz\/wp-content\/uploads\/2020\/10\/IMG-20191016-WA0004.jpg 1600w\" sizes=\"auto, (max-width: 300px) 100vw, 300px\" \/><\/figure>\n<span>","protected":false},"excerpt":{"rendered":"<p class=\"excerpt\"><span itemprop=\"description\">Ryb\u00e1\u0159sk\u00e9 z\u00e1vody My\u0161enec 2019 V\u00fdlov Kope\u0165\u00e1k 6.4.2019 V\u00fdlov Prost\u0159edn\u00ed 30.3.2019 V\u00fdlov Spodn\u00ed 5.10.2019 Vysazen\u00ed ostroretky 19.3.2019 Vysazen\u00ed podoustev 25.9.2019 Vysazen\u00ed pstruh duhov\u00fd 16.10.2019<\/span><\/p>\n<p class=\"more-link-p btn-align-left\"><a class=\"blue zoom-btn\" href=\"https:\/\/www.crsprotivin.cz\/?page_id=2129\">Read More<\/a><\/p>\n","protected":false},"author":1,"featured_media":0,"parent":65,"menu_order":0,"comment_status":"closed","ping_status":"closed","template":"","meta":{"ngg_post_thumbnail":0,"footnotes":""},"class_list":["post-2129","page","type-page","status-publish","hentry","zoom-theme-has-thumb"],"_links":{"self":[{"href":"https:\/\/www.crsprotivin.cz\/index.php?rest_route=\/wp\/v2\/pages\/2129","targetHints":{"allow":["GET"]}}],"collection":[{"href":"https:\/\/www.crsprotivin.cz\/index.php?rest_route=\/wp\/v2\/pages"}],"about":[{"href":"https:\/\/www.crsprotivin.cz\/index.php?rest_route=\/wp\/v2\/types\/page"}],"author":[{"embeddable":true,"href":"https:\/\/www.crsprotivin.cz\/index.php?rest_route=\/wp\/v2\/users\/1"}],"replies":[{"embeddable":true,"href":"https:\/\/www.crsprotivin.cz\/index.php?rest_route=%2Fwp%2Fv2%2Fcomments&post=2129"}],"version-history":[{"count":22,"href":"https:\/\/www.crsprotivin.cz\/index.php?rest_route=\/wp\/v2\/pages\/2129\/revisions"}],"predecessor-version":[{"id":2528,"href":"https:\/\/www.crsprotivin.cz\/index.php?rest_route=\/wp\/v2\/pages\/2129\/revisions\/2528"}],"up":[{"embeddable":true,"href":"https:\/\/www.crsprotivin.cz\/index.php?rest_route=\/wp\/v2\/pages\/65"}],"wp:attachment":[{"href":"https:\/\/www.crsprotivin.cz\/index.php?rest_route=%2Fwp%2Fv2%2Fmedia&parent=2129"}],"curies":[{"name":"wp","href":"https:\/\/api.w.org\/{rel}","templated":true}]}}