{"id":128,"date":"2017-02-06T14:35:26","date_gmt":"2017-02-06T13:35:26","guid":{"rendered":"http:\/\/www.crsprotivin.cz\/?page_id=128"},"modified":"2017-03-27T11:01:16","modified_gmt":"2017-03-27T09:01:16","slug":"starsi","status":"publish","type":"page","link":"https:\/\/www.crsprotivin.cz\/?page_id=128","title":{"rendered":"Star\u0161\u00ed"},"content":{"rendered":"<span itemprop=\"description\"><p><a href=\"http:\/\/www.crsprotivin.cz\/wp-content\/uploads\/2017\/02\/IMG-20170203-WA0030-1.jpg\"><img loading=\"lazy\" decoding=\"async\" class=\"alignleft size-thumbnail wp-image-589\" src=\"http:\/\/www.crsprotivin.cz\/wp-content\/uploads\/2017\/02\/IMG-20170203-WA0030-1-150x150.jpg\" alt=\"\" width=\"150\" height=\"150\" srcset=\"https:\/\/www.crsprotivin.cz\/wp-content\/uploads\/2017\/02\/IMG-20170203-WA0030-1-150x150.jpg 150w, https:\/\/www.crsprotivin.cz\/wp-content\/uploads\/2017\/02\/IMG-20170203-WA0030-1-100x100.jpg 100w\" sizes=\"auto, (max-width: 150px) 100vw, 150px\" \/><\/a><a href=\"http:\/\/www.crsprotivin.cz\/?page_id=327\">Odbahn\u011bn\u00ed Horn\u00ed rybn\u00edk Maletice 2014<\/a><\/p>\n<p>&nbsp;<\/p>\n<p>&nbsp;<\/p>\n<p>&nbsp;<\/p>\n<p><a href=\"http:\/\/www.crsprotivin.cz\/wp-content\/uploads\/2017\/02\/IMG-20170310-WA0033.jpg\"><img loading=\"lazy\" decoding=\"async\" class=\"alignleft size-thumbnail wp-image-590\" src=\"http:\/\/www.crsprotivin.cz\/wp-content\/uploads\/2017\/02\/IMG-20170310-WA0033-150x150.jpg\" alt=\"\" width=\"150\" height=\"150\" srcset=\"https:\/\/www.crsprotivin.cz\/wp-content\/uploads\/2017\/02\/IMG-20170310-WA0033-150x150.jpg 150w, https:\/\/www.crsprotivin.cz\/wp-content\/uploads\/2017\/02\/IMG-20170310-WA0033-100x100.jpg 100w\" sizes=\"auto, (max-width: 150px) 100vw, 150px\" \/><\/a><a href=\"http:\/\/www.crsprotivin.cz\/?page_id=409\">Rekonstrukce My\u0161eneck\u00e1 p\u0159ehrada 2013<\/a><\/p>\n<p>&nbsp;<\/p>\n<p>&nbsp;<\/p>\n<p>&nbsp;<\/p>\n<p><a href=\"http:\/\/www.crsprotivin.cz\/wp-content\/uploads\/2017\/02\/IMG-20170310-WA0025.jpg\"><img loading=\"lazy\" decoding=\"async\" class=\"alignleft size-thumbnail wp-image-591\" src=\"http:\/\/www.crsprotivin.cz\/wp-content\/uploads\/2017\/02\/IMG-20170310-WA0025-150x150.jpg\" alt=\"\" width=\"150\" height=\"150\" srcset=\"https:\/\/www.crsprotivin.cz\/wp-content\/uploads\/2017\/02\/IMG-20170310-WA0025-150x150.jpg 150w, https:\/\/www.crsprotivin.cz\/wp-content\/uploads\/2017\/02\/IMG-20170310-WA0025-100x100.jpg 100w\" sizes=\"auto, (max-width: 150px) 100vw, 150px\" \/><\/a><a href=\"http:\/\/www.crsprotivin.cz\/?page_id=411\">Rekonstrukce Zlou\u0148 2013\/2014<\/a><\/p>\n<span>","protected":false},"excerpt":{"rendered":"<p class=\"excerpt\"><span itemprop=\"description\">Odbahn\u011bn\u00ed Horn\u00ed rybn\u00edk Maletice 2014 &nbsp; &nbsp; &nbsp; Rekonstrukce My\u0161eneck\u00e1 p\u0159ehrada 2013 &nbsp; &nbsp; &nbsp; Rekonstrukce Zlou\u0148 2013\/2014<\/span><\/p>\n<p class=\"more-link-p btn-align-left\"><a class=\"blue zoom-btn\" href=\"https:\/\/www.crsprotivin.cz\/?page_id=128\">Read More<\/a><\/p>\n","protected":false},"author":1,"featured_media":0,"parent":65,"menu_order":0,"comment_status":"closed","ping_status":"closed","template":"","meta":{"ngg_post_thumbnail":0,"footnotes":""},"class_list":["post-128","page","type-page","status-publish","hentry","zoom-theme-has-thumb"],"_links":{"self":[{"href":"https:\/\/www.crsprotivin.cz\/index.php?rest_route=\/wp\/v2\/pages\/128","targetHints":{"allow":["GET"]}}],"collection":[{"href":"https:\/\/www.crsprotivin.cz\/index.php?rest_route=\/wp\/v2\/pages"}],"about":[{"href":"https:\/\/www.crsprotivin.cz\/index.php?rest_route=\/wp\/v2\/types\/page"}],"author":[{"embeddable":true,"href":"https:\/\/www.crsprotivin.cz\/index.php?rest_route=\/wp\/v2\/users\/1"}],"replies":[{"embeddable":true,"href":"https:\/\/www.crsprotivin.cz\/index.php?rest_route=%2Fwp%2Fv2%2Fcomments&post=128"}],"version-history":[{"count":8,"href":"https:\/\/www.crsprotivin.cz\/index.php?rest_route=\/wp\/v2\/pages\/128\/revisions"}],"predecessor-version":[{"id":592,"href":"https:\/\/www.crsprotivin.cz\/index.php?rest_route=\/wp\/v2\/pages\/128\/revisions\/592"}],"up":[{"embeddable":true,"href":"https:\/\/www.crsprotivin.cz\/index.php?rest_route=\/wp\/v2\/pages\/65"}],"wp:attachment":[{"href":"https:\/\/www.crsprotivin.cz\/index.php?rest_route=%2Fwp%2Fv2%2Fmedia&parent=128"}],"curies":[{"name":"wp","href":"https:\/\/api.w.org\/{rel}","templated":true}]}}