{"id":124,"date":"2017-02-06T14:33:05","date_gmt":"2017-02-06T13:33:05","guid":{"rendered":"http:\/\/www.crsprotivin.cz\/?page_id=124"},"modified":"2017-03-27T10:57:36","modified_gmt":"2017-03-27T08:57:36","slug":"2016-2","status":"publish","type":"page","link":"https:\/\/www.crsprotivin.cz\/?page_id=124","title":{"rendered":"2016"},"content":{"rendered":"<span itemprop=\"description\"><p><a href=\"http:\/\/www.crsprotivin.cz\/wp-content\/uploads\/2017\/02\/IMG-20170203-WA0021.jpg\"><img loading=\"lazy\" decoding=\"async\" class=\"alignleft size-thumbnail wp-image-163\" src=\"http:\/\/www.crsprotivin.cz\/wp-content\/uploads\/2017\/02\/IMG-20170203-WA0021-150x150.jpg\" alt=\"\" width=\"150\" height=\"150\"><\/a><a href=\"http:\/\/www.crsprotivin.cz\/?page_id=310\">D\u011btsk\u00e9 ryb\u00e1\u0159sk\u00e9 z\u00e1vody srpen 2016<\/a><\/p>\n<p>&nbsp;<\/p>\n<p>&nbsp;<\/p>\n<p>&nbsp;<\/p>\n<p><a href=\"http:\/\/www.crsprotivin.cz\/wp-content\/uploads\/2017\/02\/IMG-20170203-WA0009.jpg\"><img loading=\"lazy\" decoding=\"async\" class=\"alignleft size-thumbnail wp-image-123\" src=\"http:\/\/www.crsprotivin.cz\/wp-content\/uploads\/2017\/02\/IMG-20170203-WA0009-150x150.jpg\" alt=\"\" width=\"150\" height=\"150\"><\/a><\/p>\n<p><a href=\"http:\/\/www.crsprotivin.cz\/?page_id=233\">Leto\u0161n\u00ed zima na chovn\u00fdch rybn\u00edc\u00edch<\/a><\/p>\n<p>&nbsp;<\/p>\n<p>&nbsp;<\/p>\n<p>&nbsp;<\/p>\n<p><a href=\"http:\/\/www.crsprotivin.cz\/wp-content\/uploads\/2017\/02\/IMG-20170203-WA0043-1.jpg\"><img loading=\"lazy\" decoding=\"async\" class=\"alignleft size-thumbnail wp-image-583\" src=\"http:\/\/www.crsprotivin.cz\/wp-content\/uploads\/2017\/02\/IMG-20170203-WA0043-1-150x150.jpg\" alt=\"\" width=\"150\" height=\"150\" srcset=\"https:\/\/www.crsprotivin.cz\/wp-content\/uploads\/2017\/02\/IMG-20170203-WA0043-1-150x150.jpg 150w, https:\/\/www.crsprotivin.cz\/wp-content\/uploads\/2017\/02\/IMG-20170203-WA0043-1-100x100.jpg 100w\" sizes=\"auto, (max-width: 150px) 100vw, 150px\" \/><\/a><\/p>\n<p><a href=\"http:\/\/www.crsprotivin.cz\/?page_id=248\">V\u00fdlov Horn\u00ed Maletice listopad 2016<\/a><\/p>\n<p>&nbsp;<\/p>\n<p>&nbsp;<\/p>\n<p>&nbsp;<\/p>\n<p><a href=\"http:\/\/www.crsprotivin.cz\/wp-content\/uploads\/2017\/02\/IMG-20170203-WA0028.jpg\"><img loading=\"lazy\" decoding=\"async\" class=\"alignleft size-thumbnail wp-image-152\" src=\"http:\/\/www.crsprotivin.cz\/wp-content\/uploads\/2017\/02\/IMG-20170203-WA0028-150x150.jpg\" alt=\"\" width=\"150\" height=\"150\"><\/a><a href=\"http:\/\/www.crsprotivin.cz\/?page_id=309\">V\u00fdlov Zlou\u0148sk\u00fd \u0159\u00edjen 2016<\/a><\/p>\n<span>","protected":false},"excerpt":{"rendered":"<p class=\"excerpt\"><span itemprop=\"description\">D\u011btsk\u00e9 ryb\u00e1\u0159sk\u00e9 z\u00e1vody srpen 2016 &nbsp; &nbsp; &nbsp; Leto\u0161n\u00ed zima na chovn\u00fdch rybn\u00edc\u00edch &nbsp; &nbsp; &nbsp; V\u00fdlov Horn\u00ed Maletice listopad 2016 &nbsp; &nbsp; &nbsp; V\u00fdlov Zlou\u0148sk\u00fd \u0159\u00edjen 2016<\/span><\/p>\n<p class=\"more-link-p btn-align-left\"><a class=\"blue zoom-btn\" href=\"https:\/\/www.crsprotivin.cz\/?page_id=124\">Read More<\/a><\/p>\n","protected":false},"author":1,"featured_media":0,"parent":65,"menu_order":0,"comment_status":"closed","ping_status":"closed","template":"","meta":{"ngg_post_thumbnail":0,"footnotes":""},"class_list":["post-124","page","type-page","status-publish","hentry","zoom-theme-has-thumb"],"_links":{"self":[{"href":"https:\/\/www.crsprotivin.cz\/index.php?rest_route=\/wp\/v2\/pages\/124","targetHints":{"allow":["GET"]}}],"collection":[{"href":"https:\/\/www.crsprotivin.cz\/index.php?rest_route=\/wp\/v2\/pages"}],"about":[{"href":"https:\/\/www.crsprotivin.cz\/index.php?rest_route=\/wp\/v2\/types\/page"}],"author":[{"embeddable":true,"href":"https:\/\/www.crsprotivin.cz\/index.php?rest_route=\/wp\/v2\/users\/1"}],"replies":[{"embeddable":true,"href":"https:\/\/www.crsprotivin.cz\/index.php?rest_route=%2Fwp%2Fv2%2Fcomments&post=124"}],"version-history":[{"count":11,"href":"https:\/\/www.crsprotivin.cz\/index.php?rest_route=\/wp\/v2\/pages\/124\/revisions"}],"predecessor-version":[{"id":584,"href":"https:\/\/www.crsprotivin.cz\/index.php?rest_route=\/wp\/v2\/pages\/124\/revisions\/584"}],"up":[{"embeddable":true,"href":"https:\/\/www.crsprotivin.cz\/index.php?rest_route=\/wp\/v2\/pages\/65"}],"wp:attachment":[{"href":"https:\/\/www.crsprotivin.cz\/index.php?rest_route=%2Fwp%2Fv2%2Fmedia&parent=124"}],"curies":[{"name":"wp","href":"https:\/\/api.w.org\/{rel}","templated":true}]}}